{"id":8,"date":"2023-12-04T10:29:40","date_gmt":"2023-12-04T09:29:40","guid":{"rendered":"https:\/\/www.hemmavasastan.se\/?page_id=8"},"modified":"2026-04-08T12:46:49","modified_gmt":"2026-04-08T10:46:49","slug":"hem","status":"publish","type":"page","link":"https:\/\/www.hemmavasastan.se\/en\/","title":{"rendered":"Home"},"content":{"rendered":"<div class=\"wp-block-group\"><div class=\"wp-block-group__inner-container is-layout-constrained wp-block-group-is-layout-constrained\">\r\n<p><em>\" Away is good, but home is best. \"<\/em><\/p>\r\n\r\n\r\n\r\n<p><em>At Hemma Vasastan, we always want our guests to feel at home. Come as you are\u2014straight from work or dressed up for a night out.<\/em><\/p>\r\n\r\n\r\n\r\n<p><em>&#8212; Christopher, kr\u00f6gare<\/em><\/p>\r\n<\/div><\/div>","protected":false},"excerpt":{"rendered":"<p>\u201d Borta bra men hemma \u00e4r b\u00e4st \u201d P\u00e5 Hemma Vasastan vill vi alltid att v\u00e5ra g\u00e4ster ska k\u00e4nna sig hemma. Kom som du \u00e4r, direkt fr\u00e5n jobbet eller uppkl\u00e4dd till fest. &#8212; Christopher, kr\u00f6gare<\/p>","protected":false},"author":1,"featured_media":0,"parent":0,"menu_order":0,"comment_status":"closed","ping_status":"closed","template":"","meta":{"footnotes":""},"class_list":["post-8","page","type-page","status-publish","hentry"],"acf":[],"yoast_head":"<!-- This site is optimized with the Yoast SEO plugin v27.4 - https:\/\/yoast.com\/product\/yoast-seo-wordpress\/ -->\n<title>Hem - Hemma Vasastan<\/title>\n<meta name=\"description\" content=\"Hemma Vasastan \u2013 din mysiga kvarterskrog i hj\u00e4rtat av Stockholm. Njut av v\u00e4llagad mat, goda viner och en varm atmosf\u00e4r. Boka bord idag!\" \/>\n<meta name=\"robots\" content=\"index, follow, max-snippet:-1, max-image-preview:large, max-video-preview:-1\" \/>\n<link rel=\"canonical\" href=\"https:\/\/www.hemmavasastan.se\/en\/\" \/>\n<meta property=\"og:locale\" content=\"en_GB\" \/>\n<meta property=\"og:type\" content=\"article\" \/>\n<meta property=\"og:title\" content=\"Hem - Hemma Vasastan\" \/>\n<meta property=\"og:description\" content=\"Hemma Vasastan \u2013 din mysiga kvarterskrog i hj\u00e4rtat av Stockholm. Njut av v\u00e4llagad mat, goda viner och en varm atmosf\u00e4r. Boka bord idag!\" \/>\n<meta property=\"og:url\" content=\"https:\/\/www.hemmavasastan.se\/en\/\" \/>\n<meta property=\"og:site_name\" content=\"Hemma Vasastan\" \/>\n<meta property=\"article:publisher\" content=\"https:\/\/www.facebook.com\/www.hemmavasastan.se\/\" \/>\n<meta property=\"article:modified_time\" content=\"2026-04-08T10:46:49+00:00\" \/>\n<meta name=\"twitter:card\" content=\"summary_large_image\" \/>\n<script type=\"application\/ld+json\" class=\"yoast-schema-graph\">{\"@context\":\"https:\\\/\\\/schema.org\",\"@graph\":[{\"@type\":\"WebPage\",\"@id\":\"https:\\\/\\\/www.hemmavasastan.se\\\/\",\"url\":\"https:\\\/\\\/www.hemmavasastan.se\\\/\",\"name\":\"Hem - Hemma Vasastan\",\"isPartOf\":{\"@id\":\"https:\\\/\\\/www.hemmavasastan.se\\\/#website\"},\"datePublished\":\"2023-12-04T09:29:40+00:00\",\"dateModified\":\"2026-04-08T10:46:49+00:00\",\"description\":\"Hemma Vasastan \u2013 din mysiga kvarterskrog i hj\u00e4rtat av Stockholm. Njut av v\u00e4llagad mat, goda viner och en varm atmosf\u00e4r. Boka bord idag!\",\"breadcrumb\":{\"@id\":\"https:\\\/\\\/www.hemmavasastan.se\\\/#breadcrumb\"},\"inLanguage\":\"en-GB\",\"potentialAction\":[{\"@type\":\"ReadAction\",\"target\":[\"https:\\\/\\\/www.hemmavasastan.se\\\/\"]}]},{\"@type\":\"BreadcrumbList\",\"@id\":\"https:\\\/\\\/www.hemmavasastan.se\\\/#breadcrumb\",\"itemListElement\":[{\"@type\":\"ListItem\",\"position\":1,\"name\":\"Hem\",\"item\":\"https:\\\/\\\/www.hemmavasastan.se\\\/\"},{\"@type\":\"ListItem\",\"position\":2,\"name\":\"Hem\"}]},{\"@type\":\"WebSite\",\"@id\":\"https:\\\/\\\/www.hemmavasastan.se\\\/#website\",\"url\":\"https:\\\/\\\/www.hemmavasastan.se\\\/\",\"name\":\"Hemma Vasastan\",\"description\":\"\",\"publisher\":{\"@id\":\"https:\\\/\\\/www.hemmavasastan.se\\\/#organization\"},\"potentialAction\":[{\"@type\":\"SearchAction\",\"target\":{\"@type\":\"EntryPoint\",\"urlTemplate\":\"https:\\\/\\\/www.hemmavasastan.se\\\/?s={search_term_string}\"},\"query-input\":{\"@type\":\"PropertyValueSpecification\",\"valueRequired\":true,\"valueName\":\"search_term_string\"}}],\"inLanguage\":\"en-GB\"},{\"@type\":\"Organization\",\"@id\":\"https:\\\/\\\/www.hemmavasastan.se\\\/#organization\",\"name\":\"Hemma Vasastan\",\"url\":\"https:\\\/\\\/www.hemmavasastan.se\\\/\",\"logo\":{\"@type\":\"ImageObject\",\"inLanguage\":\"en-GB\",\"@id\":\"https:\\\/\\\/www.hemmavasastan.se\\\/#\\\/schema\\\/logo\\\/image\\\/\",\"url\":\"https:\\\/\\\/www.hemmavasastan.se\\\/wp-content\\\/uploads\\\/2025\\\/01\\\/cropped-Original-size-Original-size-Original-size-Neutral-Minimalist-Quote-Instagram-Post.png\",\"contentUrl\":\"https:\\\/\\\/www.hemmavasastan.se\\\/wp-content\\\/uploads\\\/2025\\\/01\\\/cropped-Original-size-Original-size-Original-size-Neutral-Minimalist-Quote-Instagram-Post.png\",\"width\":512,\"height\":512,\"caption\":\"Hemma Vasastan\"},\"image\":{\"@id\":\"https:\\\/\\\/www.hemmavasastan.se\\\/#\\\/schema\\\/logo\\\/image\\\/\"},\"sameAs\":[\"https:\\\/\\\/www.facebook.com\\\/www.hemmavasastan.se\\\/\",\"https:\\\/\\\/www.instagram.com\\\/hemma_vasastan\\\/\"]}]}<\/script>\n<!-- \/ Yoast SEO plugin. -->","yoast_head_json":{"title":"Hem - Hemma Vasastan","description":"Hemma Vasastan \u2013 din mysiga kvarterskrog i hj\u00e4rtat av Stockholm. Njut av v\u00e4llagad mat, goda viner och en varm atmosf\u00e4r. Boka bord idag!","robots":{"index":"index","follow":"follow","max-snippet":"max-snippet:-1","max-image-preview":"max-image-preview:large","max-video-preview":"max-video-preview:-1"},"canonical":"https:\/\/www.hemmavasastan.se\/en\/","og_locale":"en_GB","og_type":"article","og_title":"Hem - Hemma Vasastan","og_description":"Hemma Vasastan \u2013 din mysiga kvarterskrog i hj\u00e4rtat av Stockholm. Njut av v\u00e4llagad mat, goda viner och en varm atmosf\u00e4r. Boka bord idag!","og_url":"https:\/\/www.hemmavasastan.se\/en\/","og_site_name":"Hemma Vasastan","article_publisher":"https:\/\/www.facebook.com\/www.hemmavasastan.se\/","article_modified_time":"2026-04-08T10:46:49+00:00","twitter_card":"summary_large_image","schema":{"@context":"https:\/\/schema.org","@graph":[{"@type":"WebPage","@id":"https:\/\/www.hemmavasastan.se\/","url":"https:\/\/www.hemmavasastan.se\/","name":"Hem - Hemma Vasastan","isPartOf":{"@id":"https:\/\/www.hemmavasastan.se\/#website"},"datePublished":"2023-12-04T09:29:40+00:00","dateModified":"2026-04-08T10:46:49+00:00","description":"Hemma Vasastan \u2013 din mysiga kvarterskrog i hj\u00e4rtat av Stockholm. Njut av v\u00e4llagad mat, goda viner och en varm atmosf\u00e4r. Boka bord idag!","breadcrumb":{"@id":"https:\/\/www.hemmavasastan.se\/#breadcrumb"},"inLanguage":"en-GB","potentialAction":[{"@type":"ReadAction","target":["https:\/\/www.hemmavasastan.se\/"]}]},{"@type":"BreadcrumbList","@id":"https:\/\/www.hemmavasastan.se\/#breadcrumb","itemListElement":[{"@type":"ListItem","position":1,"name":"Hem","item":"https:\/\/www.hemmavasastan.se\/"},{"@type":"ListItem","position":2,"name":"Hem"}]},{"@type":"WebSite","@id":"https:\/\/www.hemmavasastan.se\/#website","url":"https:\/\/www.hemmavasastan.se\/","name":"Hemma Vasastan","description":"","publisher":{"@id":"https:\/\/www.hemmavasastan.se\/#organization"},"potentialAction":[{"@type":"SearchAction","target":{"@type":"EntryPoint","urlTemplate":"https:\/\/www.hemmavasastan.se\/?s={search_term_string}"},"query-input":{"@type":"PropertyValueSpecification","valueRequired":true,"valueName":"search_term_string"}}],"inLanguage":"en-GB"},{"@type":"Organization","@id":"https:\/\/www.hemmavasastan.se\/#organization","name":"Hemma Vasastan","url":"https:\/\/www.hemmavasastan.se\/","logo":{"@type":"ImageObject","inLanguage":"en-GB","@id":"https:\/\/www.hemmavasastan.se\/#\/schema\/logo\/image\/","url":"https:\/\/www.hemmavasastan.se\/wp-content\/uploads\/2025\/01\/cropped-Original-size-Original-size-Original-size-Neutral-Minimalist-Quote-Instagram-Post.png","contentUrl":"https:\/\/www.hemmavasastan.se\/wp-content\/uploads\/2025\/01\/cropped-Original-size-Original-size-Original-size-Neutral-Minimalist-Quote-Instagram-Post.png","width":512,"height":512,"caption":"Hemma Vasastan"},"image":{"@id":"https:\/\/www.hemmavasastan.se\/#\/schema\/logo\/image\/"},"sameAs":["https:\/\/www.facebook.com\/www.hemmavasastan.se\/","https:\/\/www.instagram.com\/hemma_vasastan\/"]}]}},"_links":{"self":[{"href":"https:\/\/www.hemmavasastan.se\/en\/wp-json\/wp\/v2\/pages\/8","targetHints":{"allow":["GET"]}}],"collection":[{"href":"https:\/\/www.hemmavasastan.se\/en\/wp-json\/wp\/v2\/pages"}],"about":[{"href":"https:\/\/www.hemmavasastan.se\/en\/wp-json\/wp\/v2\/types\/page"}],"author":[{"embeddable":true,"href":"https:\/\/www.hemmavasastan.se\/en\/wp-json\/wp\/v2\/users\/1"}],"replies":[{"embeddable":true,"href":"https:\/\/www.hemmavasastan.se\/en\/wp-json\/wp\/v2\/comments?post=8"}],"version-history":[{"count":12,"href":"https:\/\/www.hemmavasastan.se\/en\/wp-json\/wp\/v2\/pages\/8\/revisions"}],"predecessor-version":[{"id":8195,"href":"https:\/\/www.hemmavasastan.se\/en\/wp-json\/wp\/v2\/pages\/8\/revisions\/8195"}],"wp:attachment":[{"href":"https:\/\/www.hemmavasastan.se\/en\/wp-json\/wp\/v2\/media?parent=8"}],"curies":[{"name":"wp","href":"https:\/\/api.w.org\/{rel}","templated":true}]}}