{"id":10,"date":"2023-12-04T10:29:58","date_gmt":"2023-12-04T09:29:58","guid":{"rendered":"https:\/\/www.hemmavasastan.se\/?page_id=10"},"modified":"2026-04-08T12:48:14","modified_gmt":"2026-04-08T10:48:14","slug":"kontakt","status":"publish","type":"page","link":"https:\/\/www.hemmavasastan.se\/en\/kontakt\/","title":{"rendered":"Contact"},"content":{"rendered":"<p>Lorem ipsum dolor sit amet, consectetur adipiscing elit. Nunc ullamcorper ipsum sit amet lacus eleifend, sit amet dapibus enim mollis. Cras ut metus id neque cursus feugiat quis auctor est. Ut iaculis consectetur magna id venenatis. Aliquam imperdiet, magna in finibus tempus, eros est euismod massa, at efficitur arcu nulla eu enim. Phasellus id augue non leo dictum rutrum et vel mauris. Suspendisse vestibulum enim vel sodales vehicula. Nullam sed faucibus tortor. Nullam tempus tortor commodo consequat ultricies. Ut et condimentum quam. Duis vitae turpis neque. Sed luctus dictum posuere. Etiam semper purus ac augue malesuada rutrum. Vivamus sit amet blandit leo. Ut tempus justo eu lectus imperdiet, sit amet pulvinar nisl luctus.<\/p>","protected":false},"excerpt":{"rendered":"<p>Lorem ipsum dolor sit amet, consectetur adipiscing elit. Nunc ullamcorper ipsum sit amet lacus eleifend, sit amet dapibus enim mollis. Cras ut metus id neque cursus feugiat quis auctor est. Ut iaculis consectetur magna id venenatis. Aliquam imperdiet, magna in finibus tempus, eros est euismod massa, at efficitur arcu nulla eu enim. Phasellus id augue [&hellip;]<\/p>\n","protected":false},"author":1,"featured_media":8196,"parent":0,"menu_order":0,"comment_status":"closed","ping_status":"closed","template":"page-contact.php","meta":{"footnotes":""},"class_list":["post-10","page","type-page","status-publish","has-post-thumbnail","hentry"],"acf":[],"yoast_head":"<!-- This site is optimized with the Yoast SEO plugin v27.4 - https:\/\/yoast.com\/product\/yoast-seo-wordpress\/ -->\n<title>Kontakt - Hemma Vasastan<\/title>\n<meta name=\"description\" content=\"Kontakta Hemma Vasastan \u2013 din kvarterskrog i Stockholm. Ring, mejla eller bes\u00f6k oss p\u00e5 Dalagatan 28. Boka bord och njut av en fantastisk kv\u00e4ll!\" \/>\n<meta name=\"robots\" content=\"index, follow, max-snippet:-1, max-image-preview:large, max-video-preview:-1\" \/>\n<link rel=\"canonical\" href=\"https:\/\/www.hemmavasastan.se\/en\/kontakt\/\" \/>\n<meta property=\"og:locale\" content=\"en_GB\" \/>\n<meta property=\"og:type\" content=\"article\" \/>\n<meta property=\"og:title\" content=\"Kontakt - Hemma Vasastan\" \/>\n<meta property=\"og:description\" content=\"Kontakta Hemma Vasastan \u2013 din kvarterskrog i Stockholm. Ring, mejla eller bes\u00f6k oss p\u00e5 Dalagatan 28. Boka bord och njut av en fantastisk kv\u00e4ll!\" \/>\n<meta property=\"og:url\" content=\"https:\/\/www.hemmavasastan.se\/en\/kontakt\/\" \/>\n<meta property=\"og:site_name\" content=\"Hemma Vasastan\" \/>\n<meta property=\"article:publisher\" content=\"https:\/\/www.facebook.com\/www.hemmavasastan.se\/\" \/>\n<meta property=\"article:modified_time\" content=\"2026-04-08T10:48:14+00:00\" \/>\n<meta property=\"og:image\" content=\"https:\/\/www.hemmavasastan.se\/wp-content\/uploads\/2026\/04\/fhh.jpg\" \/>\n\t<meta property=\"og:image:width\" content=\"2000\" \/>\n\t<meta property=\"og:image:height\" content=\"1126\" \/>\n\t<meta property=\"og:image:type\" content=\"image\/jpeg\" \/>\n<meta name=\"twitter:card\" content=\"summary_large_image\" \/>\n<meta name=\"twitter:label1\" content=\"Estimated reading time\" \/>\n\t<meta name=\"twitter:data1\" content=\"1 minute\" \/>\n<script type=\"application\/ld+json\" class=\"yoast-schema-graph\">{\"@context\":\"https:\\\/\\\/schema.org\",\"@graph\":[{\"@type\":\"WebPage\",\"@id\":\"https:\\\/\\\/www.hemmavasastan.se\\\/kontakt\\\/\",\"url\":\"https:\\\/\\\/www.hemmavasastan.se\\\/kontakt\\\/\",\"name\":\"Kontakt - Hemma Vasastan\",\"isPartOf\":{\"@id\":\"https:\\\/\\\/www.hemmavasastan.se\\\/#website\"},\"primaryImageOfPage\":{\"@id\":\"https:\\\/\\\/www.hemmavasastan.se\\\/kontakt\\\/#primaryimage\"},\"image\":{\"@id\":\"https:\\\/\\\/www.hemmavasastan.se\\\/kontakt\\\/#primaryimage\"},\"thumbnailUrl\":\"https:\\\/\\\/www.hemmavasastan.se\\\/wp-content\\\/uploads\\\/2026\\\/04\\\/fhh.jpg\",\"datePublished\":\"2023-12-04T09:29:58+00:00\",\"dateModified\":\"2026-04-08T10:48:14+00:00\",\"description\":\"Kontakta Hemma Vasastan \u2013 din kvarterskrog i Stockholm. Ring, mejla eller bes\u00f6k oss p\u00e5 Dalagatan 28. Boka bord och njut av en fantastisk kv\u00e4ll!\",\"breadcrumb\":{\"@id\":\"https:\\\/\\\/www.hemmavasastan.se\\\/kontakt\\\/#breadcrumb\"},\"inLanguage\":\"en-GB\",\"potentialAction\":[{\"@type\":\"ReadAction\",\"target\":[\"https:\\\/\\\/www.hemmavasastan.se\\\/kontakt\\\/\"]}]},{\"@type\":\"ImageObject\",\"inLanguage\":\"en-GB\",\"@id\":\"https:\\\/\\\/www.hemmavasastan.se\\\/kontakt\\\/#primaryimage\",\"url\":\"https:\\\/\\\/www.hemmavasastan.se\\\/wp-content\\\/uploads\\\/2026\\\/04\\\/fhh.jpg\",\"contentUrl\":\"https:\\\/\\\/www.hemmavasastan.se\\\/wp-content\\\/uploads\\\/2026\\\/04\\\/fhh.jpg\",\"width\":2000,\"height\":1126},{\"@type\":\"BreadcrumbList\",\"@id\":\"https:\\\/\\\/www.hemmavasastan.se\\\/kontakt\\\/#breadcrumb\",\"itemListElement\":[{\"@type\":\"ListItem\",\"position\":1,\"name\":\"Hem\",\"item\":\"https:\\\/\\\/www.hemmavasastan.se\\\/\"},{\"@type\":\"ListItem\",\"position\":2,\"name\":\"Kontakt\"}]},{\"@type\":\"WebSite\",\"@id\":\"https:\\\/\\\/www.hemmavasastan.se\\\/#website\",\"url\":\"https:\\\/\\\/www.hemmavasastan.se\\\/\",\"name\":\"Hemma Vasastan\",\"description\":\"\",\"publisher\":{\"@id\":\"https:\\\/\\\/www.hemmavasastan.se\\\/#organization\"},\"potentialAction\":[{\"@type\":\"SearchAction\",\"target\":{\"@type\":\"EntryPoint\",\"urlTemplate\":\"https:\\\/\\\/www.hemmavasastan.se\\\/?s={search_term_string}\"},\"query-input\":{\"@type\":\"PropertyValueSpecification\",\"valueRequired\":true,\"valueName\":\"search_term_string\"}}],\"inLanguage\":\"en-GB\"},{\"@type\":\"Organization\",\"@id\":\"https:\\\/\\\/www.hemmavasastan.se\\\/#organization\",\"name\":\"Hemma Vasastan\",\"url\":\"https:\\\/\\\/www.hemmavasastan.se\\\/\",\"logo\":{\"@type\":\"ImageObject\",\"inLanguage\":\"en-GB\",\"@id\":\"https:\\\/\\\/www.hemmavasastan.se\\\/#\\\/schema\\\/logo\\\/image\\\/\",\"url\":\"https:\\\/\\\/www.hemmavasastan.se\\\/wp-content\\\/uploads\\\/2025\\\/01\\\/cropped-Original-size-Original-size-Original-size-Neutral-Minimalist-Quote-Instagram-Post.png\",\"contentUrl\":\"https:\\\/\\\/www.hemmavasastan.se\\\/wp-content\\\/uploads\\\/2025\\\/01\\\/cropped-Original-size-Original-size-Original-size-Neutral-Minimalist-Quote-Instagram-Post.png\",\"width\":512,\"height\":512,\"caption\":\"Hemma Vasastan\"},\"image\":{\"@id\":\"https:\\\/\\\/www.hemmavasastan.se\\\/#\\\/schema\\\/logo\\\/image\\\/\"},\"sameAs\":[\"https:\\\/\\\/www.facebook.com\\\/www.hemmavasastan.se\\\/\",\"https:\\\/\\\/www.instagram.com\\\/hemma_vasastan\\\/\"]}]}<\/script>\n<!-- \/ Yoast SEO plugin. -->","yoast_head_json":{"title":"Kontakt - Hemma Vasastan","description":"Kontakta Hemma Vasastan \u2013 din kvarterskrog i Stockholm. Ring, mejla eller bes\u00f6k oss p\u00e5 Dalagatan 28. Boka bord och njut av en fantastisk kv\u00e4ll!","robots":{"index":"index","follow":"follow","max-snippet":"max-snippet:-1","max-image-preview":"max-image-preview:large","max-video-preview":"max-video-preview:-1"},"canonical":"https:\/\/www.hemmavasastan.se\/en\/kontakt\/","og_locale":"en_GB","og_type":"article","og_title":"Kontakt - Hemma Vasastan","og_description":"Kontakta Hemma Vasastan \u2013 din kvarterskrog i Stockholm. Ring, mejla eller bes\u00f6k oss p\u00e5 Dalagatan 28. Boka bord och njut av en fantastisk kv\u00e4ll!","og_url":"https:\/\/www.hemmavasastan.se\/en\/kontakt\/","og_site_name":"Hemma Vasastan","article_publisher":"https:\/\/www.facebook.com\/www.hemmavasastan.se\/","article_modified_time":"2026-04-08T10:48:14+00:00","og_image":[{"width":2000,"height":1126,"url":"https:\/\/www.hemmavasastan.se\/wp-content\/uploads\/2026\/04\/fhh.jpg","type":"image\/jpeg"}],"twitter_card":"summary_large_image","twitter_misc":{"Estimated reading time":"1 minute"},"schema":{"@context":"https:\/\/schema.org","@graph":[{"@type":"WebPage","@id":"https:\/\/www.hemmavasastan.se\/kontakt\/","url":"https:\/\/www.hemmavasastan.se\/kontakt\/","name":"Kontakt - Hemma Vasastan","isPartOf":{"@id":"https:\/\/www.hemmavasastan.se\/#website"},"primaryImageOfPage":{"@id":"https:\/\/www.hemmavasastan.se\/kontakt\/#primaryimage"},"image":{"@id":"https:\/\/www.hemmavasastan.se\/kontakt\/#primaryimage"},"thumbnailUrl":"https:\/\/www.hemmavasastan.se\/wp-content\/uploads\/2026\/04\/fhh.jpg","datePublished":"2023-12-04T09:29:58+00:00","dateModified":"2026-04-08T10:48:14+00:00","description":"Kontakta Hemma Vasastan \u2013 din kvarterskrog i Stockholm. Ring, mejla eller bes\u00f6k oss p\u00e5 Dalagatan 28. Boka bord och njut av en fantastisk kv\u00e4ll!","breadcrumb":{"@id":"https:\/\/www.hemmavasastan.se\/kontakt\/#breadcrumb"},"inLanguage":"en-GB","potentialAction":[{"@type":"ReadAction","target":["https:\/\/www.hemmavasastan.se\/kontakt\/"]}]},{"@type":"ImageObject","inLanguage":"en-GB","@id":"https:\/\/www.hemmavasastan.se\/kontakt\/#primaryimage","url":"https:\/\/www.hemmavasastan.se\/wp-content\/uploads\/2026\/04\/fhh.jpg","contentUrl":"https:\/\/www.hemmavasastan.se\/wp-content\/uploads\/2026\/04\/fhh.jpg","width":2000,"height":1126},{"@type":"BreadcrumbList","@id":"https:\/\/www.hemmavasastan.se\/kontakt\/#breadcrumb","itemListElement":[{"@type":"ListItem","position":1,"name":"Hem","item":"https:\/\/www.hemmavasastan.se\/"},{"@type":"ListItem","position":2,"name":"Kontakt"}]},{"@type":"WebSite","@id":"https:\/\/www.hemmavasastan.se\/#website","url":"https:\/\/www.hemmavasastan.se\/","name":"Hemma Vasastan","description":"","publisher":{"@id":"https:\/\/www.hemmavasastan.se\/#organization"},"potentialAction":[{"@type":"SearchAction","target":{"@type":"EntryPoint","urlTemplate":"https:\/\/www.hemmavasastan.se\/?s={search_term_string}"},"query-input":{"@type":"PropertyValueSpecification","valueRequired":true,"valueName":"search_term_string"}}],"inLanguage":"en-GB"},{"@type":"Organization","@id":"https:\/\/www.hemmavasastan.se\/#organization","name":"Hemma Vasastan","url":"https:\/\/www.hemmavasastan.se\/","logo":{"@type":"ImageObject","inLanguage":"en-GB","@id":"https:\/\/www.hemmavasastan.se\/#\/schema\/logo\/image\/","url":"https:\/\/www.hemmavasastan.se\/wp-content\/uploads\/2025\/01\/cropped-Original-size-Original-size-Original-size-Neutral-Minimalist-Quote-Instagram-Post.png","contentUrl":"https:\/\/www.hemmavasastan.se\/wp-content\/uploads\/2025\/01\/cropped-Original-size-Original-size-Original-size-Neutral-Minimalist-Quote-Instagram-Post.png","width":512,"height":512,"caption":"Hemma Vasastan"},"image":{"@id":"https:\/\/www.hemmavasastan.se\/#\/schema\/logo\/image\/"},"sameAs":["https:\/\/www.facebook.com\/www.hemmavasastan.se\/","https:\/\/www.instagram.com\/hemma_vasastan\/"]}]}},"_links":{"self":[{"href":"https:\/\/www.hemmavasastan.se\/en\/wp-json\/wp\/v2\/pages\/10","targetHints":{"allow":["GET"]}}],"collection":[{"href":"https:\/\/www.hemmavasastan.se\/en\/wp-json\/wp\/v2\/pages"}],"about":[{"href":"https:\/\/www.hemmavasastan.se\/en\/wp-json\/wp\/v2\/types\/page"}],"author":[{"embeddable":true,"href":"https:\/\/www.hemmavasastan.se\/en\/wp-json\/wp\/v2\/users\/1"}],"replies":[{"embeddable":true,"href":"https:\/\/www.hemmavasastan.se\/en\/wp-json\/wp\/v2\/comments?post=10"}],"version-history":[{"count":5,"href":"https:\/\/www.hemmavasastan.se\/en\/wp-json\/wp\/v2\/pages\/10\/revisions"}],"predecessor-version":[{"id":127,"href":"https:\/\/www.hemmavasastan.se\/en\/wp-json\/wp\/v2\/pages\/10\/revisions\/127"}],"wp:featuredmedia":[{"embeddable":true,"href":"https:\/\/www.hemmavasastan.se\/en\/wp-json\/wp\/v2\/media\/8196"}],"wp:attachment":[{"href":"https:\/\/www.hemmavasastan.se\/en\/wp-json\/wp\/v2\/media?parent=10"}],"curies":[{"name":"wp","href":"https:\/\/api.w.org\/{rel}","templated":true}]}}